{"id":66,"date":"2018-01-21T22:00:35","date_gmt":"2018-01-21T22:00:35","guid":{"rendered":"http:\/\/konkurs-uw.sarp.warszawa.pl\/?page_id=63"},"modified":"2020-11-16T11:04:30","modified_gmt":"2020-11-16T10:04:30","slug":"o-konkursie-2","status":"publish","type":"page","link":"https:\/\/konkurs-park-wilanow.sarp.warszawa.pl\/index.php\/o-konkursie-2\/","title":{"rendered":"O konkursie"},"content":{"rendered":"<p class=\"western\" align=\"justify\"><a name=\"_Hlk22631567\"><\/a> <span style=\"font-family: Arial, sans-serif;\"><b>Morelia Investments Sp. z o.o., CEETRUS Polska Sp. z o.o. oraz Oddzia\u0142 Warszawski Stowarzyszenia Architekt\u00f3w Polskich zapraszaj\u0105 do udzia\u0142u w konkursie na opracowanie koncepcji parku o charakterze miejskim w dzielnicy Wilan\u00f3w w Warszawie.<\/b><\/span><\/p>\n<p class=\"western\" align=\"justify\"><span style=\"font-family: Arial, sans-serif;\"><b>OG\u00d3LNE ZASADY KONKURSU<\/b><\/span><\/p>\n<p align=\"justify\"><span style=\"font-family: Arial, sans-serif;\">Konkurs jest konkursem realizacyjnym, nie anonimowym prowadzonym w tzw. formule flamandzkiej. Konkurs poprzedzony jest faz\u0105 kwalifikacji wst\u0119pnej kandydat\u00f3w (Etap I) a nast\u0119pnie faz\u0105 warsztat\u00f3w i wyboru najlepszych prac konkursowych (Etap II).<\/span><\/p>\n<p align=\"justify\"><span style=\"font-family: Arial, sans-serif;\"><u><b>Etap I Konkursu<\/b><\/u><u>: Rejestracja, Zg\u0142oszenie do Etapu II i kwalifikacja do Etapu II.<\/u><\/span><\/p>\n<ol type=\"a\">\n<li>\n<p align=\"justify\"><span style=\"font-family: Arial, sans-serif;\">Podmioty zainteresowane udzia\u0142em w Konkursie rejestruj\u0105 si\u0119 na Platformie internetowej. Uzyskanie automatycznego potwierdzenia rejestracji oznacza \u017ce rejestracja zosta\u0142a skutecznie z\u0142o\u017cona. Po skutecznym zarejestrowaniu do Konkursu zainteresowany podmiot zostaje dopuszczony do udzia\u0142u w Konkursie i staje si\u0119 Uczestnikiem Konkursu.<\/span><\/p>\n<\/li>\n<\/ol>\n<ol start=\"2\" type=\"a\">\n<li>\n<p align=\"justify\"><span style=\"font-family: Arial, sans-serif;\">Uczestnicy Konkursu sk\u0142adaj\u0105 Zg\u0142oszenie do Etapu II do Konkursu zgodnie z postanowieniami Rozdzia\u0142u IV pkt 2.<\/span><\/p>\n<\/li>\n<\/ol>\n<ol start=\"3\" type=\"a\">\n<li>\n<p align=\"justify\"><span style=\"font-family: Arial, sans-serif;\">Zg\u0142oszenia do Etapu II s\u0105 rozpatrywane przez S\u0105d Konkursowy i na ich podstawie nast\u0119puje wyb\u00f3r od 3 (trzech) do 5 (pi\u0119ciu) Uczestnik\u00f3w Konkursu zakwalifikowanych do Etapu II Konkursu.<\/span><\/p>\n<\/li>\n<\/ol>\n<p><span style=\"font-family: Arial, sans-serif;\">Organizator Konkursu zaprosi do Etapu II Konkursu od 3 (trzech) do 5 (pi\u0119ciu) Uczestnik\u00f3w Konkursu, kt\u00f3rych przes\u0142ane wst\u0119pne szkice wraz z opisem ideowym zostan\u0105 uznane przez S\u0105d Konkursowy za najlepiej odpowiadaj\u0105ce oczekiwaniom Organizatora i istotnym wymogom wytycznych wynikaj\u0105cych z niniejszego Regulaminu. Przekazane przez Uczestnik\u00f3w w Zg\u0142oszeniu do Etapu II portfolio b\u0119dzie traktowane przez S\u0105d Konkursowy jako materia\u0142 pomocniczy przy ocenie w wypadku uznania i\u017c przedstawione w Zg\u0142oszeniu do Etapu II rozwi\u0105zania projektowe s\u0105 r\u00f3wnorz\u0119dne lub zbli\u017cone jako\u015bciowo.<\/span><\/p>\n<p align=\"justify\"><span style=\"font-family: Arial, sans-serif;\"><u><b>Etap II Konkursu<\/b><\/u><u>: warsztaty, prezentacja, ocena prac i rozstrzygni\u0119cie Konkursu<\/u><\/span><\/p>\n<ol type=\"a\">\n<li>\n<p align=\"justify\"><span style=\"font-family: Arial, sans-serif;\">Uczestnicy Konkursu zakwalifikowaniu do Etapu II przygotowuj\u0105 Prace Konkursowe zgodnie z postanowieniami Rozdzia\u0142u V pkt 2.<\/span><\/p>\n<\/li>\n<\/ol>\n<ol start=\"2\" type=\"a\">\n<li>\n<p align=\"justify\"><span style=\"font-family: Arial, sans-serif;\">W trakcie Etapu II Konkursu przewidziane jest jedno spotkanie warsztatowe z ka\u017cdym z Uczestnik\u00f3w Konkursu z cz\u0142onkami S\u0105du Konkursowego. Zak\u0142ada si\u0119, \u017ce jedno spotkanie warsztatowe z jednym Uczestnikiem Konkursu b\u0119dzie trwa\u0142o oko\u0142o 1,5 -2 godziny i b\u0119d\u0105 to spotkania indywidualne z ka\u017cdym z Uczestnik\u00f3w Konkursu.<\/span><\/p>\n<\/li>\n<\/ol>\n<ol start=\"3\" type=\"a\">\n<li>\n<p align=\"justify\"><span style=\"font-family: Arial, sans-serif;\">Po cz\u0119\u015bci warsztatowej konkursu Uczestnicy Konkursu sk\u0142adaj\u0105 Prace Konkursowe zgodnie z postanowieniami Rozdzia\u0142u V pkt 3, a nast\u0119pnie prezentuj\u0105 je cz\u0142onkom S\u0105du Konkursowego.<\/span><\/p>\n<\/li>\n<\/ol>\n<ol start=\"4\" type=\"a\">\n<li>\n<p align=\"justify\"><span style=\"font-family: Arial, sans-serif;\">Na podstawie z\u0142o\u017conych Prac Konkursowych i prezentacji Uczestnik\u00f3w Konkursu S\u0105d Konkursowy oceni i wybierze najlepsze prace Konkursowe oraz przyzna Nagrody zgodnie z niniejszym Regulaminem oraz nast\u0119puj\u0105cymi kryteriami:<\/span><\/p>\n<\/li>\n<\/ol>\n<ol type=\"i\">\n<li>\n<p align=\"justify\"><span style=\"font-family: Arial, sans-serif;\">Trafno\u015b\u0107 rozwi\u0105za\u0144 funkcjonalnych i programowo-przestrzennych.<\/span><\/p>\n<\/li>\n<li>\n<p align=\"justify\"><span style=\"font-family: Arial, sans-serif;\">Atrakcyjno\u015b\u0107 proponowanych rozwi\u0105za\u0144 krajobrazowych ca\u0142o\u015bci terenu parku i powi\u0105za\u0144 z otoczeniem.<\/span><\/p>\n<\/li>\n<li>\n<p align=\"justify\"><span style=\"font-family: Arial, sans-serif;\">Atrakcyjno\u015b\u0107 zaproponowanych element\u00f3w zagospodarowania oraz ich adekwatno\u015b\u0107 do proponowanych w koncepcji za\u0142o\u017ce\u0144 programowo-funkcjonalnych.<\/span><\/p>\n<\/li>\n<li>\n<p align=\"justify\"><span style=\"font-family: Arial, sans-serif;\">Stopie\u0144 i trafno\u015b\u0107 uwzgl\u0119dnienia w koncepcji rozwi\u0105za\u0144 proekologicznych.<\/span><\/p>\n<\/li>\n<li>\n<p align=\"justify\"><span style=\"font-family: Arial, sans-serif;\">Komfort i atrakcyjno\u015b\u0107 u\u017cytkowania przez r\u00f3\u017cne grupy u\u017cytkownik\u00f3w w tym trafno\u015b\u0107 zaproponowanych rozwi\u0105za\u0144 prospo\u0142ecznych.<\/span><\/p>\n<\/li>\n<li>\n<p align=\"justify\"><span style=\"font-family: Arial, sans-serif;\">Ekonomika proponowanych rozwi\u0105za\u0144 ze szczeg\u00f3lnym uwzgl\u0119dnieniem ekonomiki koszt\u00f3w eksploatacji.<\/span><\/p>\n<\/li>\n<\/ol>\n<p align=\"justify\"><span style=\"font-family: Arial, sans-serif;\">Nagrodami w konkursie s\u0105 Nagrody pieni\u0119\u017cne w \u0142\u0105cznej kwocie 55\u00a0000 z\u0142 brutto (I, II i III Nagroda) oraz zaproszenie Uczestnika Konkursu, kt\u00f3rego Praca Konkursowa otrzyma\u0142a I Nagrod\u0119 do negocjacji Umowy na wykonanie Przedmiotu zam\u00f3wienia.<\/span><\/p>\n<p class=\"western\"><span style=\"font-family: Arial, sans-serif;\">Ka\u017cdemu z Uczestnik\u00f3w Konkursu, niezale\u017cnie od przyznanych Nagr\u00f3d pieni\u0119\u017cnych, zostanie wyp\u0142acone wynagrodzenie w wysoko\u015bci 20\u00a0000 z\u0142 brutto za udzia\u0142 w Etapie II Konkursu i z\u0142o\u017cenie kompletnej Pracy Konkursowej.<\/span><\/p>\n<p class=\"western\"><span style=\"font-family: Arial, sans-serif;\"><b>CEL, ZADANIE I PRZEDMIOT KONKURSU<\/b><\/span><\/p>\n<p class=\"western\"><span style=\"font-family: Arial, sans-serif;\">Celem konkursu jest uzyskanie najlepszej pod wzgl\u0119dem architektonicznym, przestrzennym i funkcjonalno\u2013u\u017cytkowym koncepcji parku o charakterze miejskim po\u0142o\u017conego w dzielnicy Wilan\u00f3w m.st. Warszawy.<\/span><\/p>\n<p class=\"western\"><span style=\"font-family: Arial, sans-serif;\">Zadaniem podstawowym konkursu jest wy\u0142onienie, poprzez weryfikacj\u0119 i ocen\u0119 prac konkursowych zgodnie z zasadami Regulaminu, najlepszej koncepcji parku miejskiego. Uczestnik konkursu, kt\u00f3rego prac\u0119 S\u0105d Konkursowy uzna za najlepsz\u0105 i otrzyma\u0142 I Nagrod\u0119 zaproszony zostanie do negocjacji Umowy na wykonanie Przedmiotu zam\u00f3wienia.<\/span><\/p>\n<p class=\"western\"><span style=\"font-family: Arial, sans-serif;\">Park planowany jest w po\u0142udniowej cz\u0119\u015bci Miasteczka Wilan\u00f3w, b\u0119d\u0105cym jednym z osiedli warszawskiego Wilanowa. Obszar ten jest obecnie niezagospodarowany i pozbawiony zieleni wysokiej. Inwestycja znajduje si\u0119 w bezpo\u015brednim s\u0105siedztwie Po\u0142udniowej Obwodnicy Warszawy, na zako\u0144czeniu osi Al. Rzeczypospolitej.<\/span><\/p>\n<p class=\"western\"><span style=\"font-family: Arial, sans-serif;\">Park b\u0119d\u0105cy przedmiotem Konkursu jest cz\u0119\u015bci\u0105 wi\u0119kszego za\u0142o\u017cenia inwestycyjnego o nazwie Wilan\u00f3w Park, inwestycji planowanej u zbiegu ulic Przycz\u00f3\u0142kowej, Uprawnej, Al. Rzeczypospolitej i ul. Karuzela. Ide\u0105 projektu Wilan\u00f3w Park, jest stworzenie miejsca wpisuj\u0105cego si\u0119 w lokalny kontekst i spe\u0142niaj\u0105cego potrzeby mieszka\u0144c\u00f3w Wilanowa. Wielofunkcyjny kompleks b\u0119dzie obejmowa\u0107 m.in. powierzchnie biurowe oraz us\u0142ugi i handel, a tak\u017ce miejsca rozrywki i rekreacji, w tym kina i otwart\u0105 przez ca\u0142y tydzie\u0144 oran\u017ceri\u0119 z kawiarniami i restauracjami. Zaplanowano tak\u017ce budynki biurowe i hotelowe w rejonie ul. Przycz\u00f3\u0142kowej.<\/span><\/p>\n<p class=\"western\"><span style=\"font-family: Arial, sans-serif;\">Planowana inwestycja Wilan\u00f3w Park sk\u0142ada si\u0119 z obiektu mixed-use o funkcjach: handel, us\u0142ugi, biura (obiekt A na Za\u0142\u0105czniku nr 10a) po\u0142\u0105czonego z oran\u017ceri\u0105 (obiekt A1 na Za\u0142\u0105czniku nr 10a) oraz od strony ulicy Przycz\u00f3\u0142kowej naro\u017cniki dzia\u0142ki b\u0119d\u0105 \u201cflankowane\u201d przez dwa mniejsze budynki \u2013 hotelowy (obiekt B na Za\u0142\u0105czniku nr 10a) i biurowy (obiekt C na Za\u0142\u0105czniku nr 10a). Obiekt A b\u0119dzie s\u0105siadowa\u0107 z parkiem od zachodu, otwieraj\u0105c si\u0119 na niego oran\u017ceri\u0105, w kt\u00f3rej docelowo znajd\u0105 si\u0119 punkty gastronomiczne. Znajdzie si\u0119 tam tak\u017ce wej\u015bcie na pi\u0119tro zewn\u0119trznymi schodami, bezpo\u015brednio z parku.<\/span><\/p>\n<p class=\"western\"><span style=\"font-family: Arial, sans-serif;\">W kompleksie Wilan\u00f3w Park powinna znale\u017a\u0107 si\u0119 przestrze\u0144 dla inicjatyw s\u0105siedzkich czy dzia\u0142a\u0144 skierowanych do senior\u00f3w. B\u0119d\u0105cy integraln\u0105 cz\u0119\u015bci\u0105 inwestycji ponad 2-hektarowy park stanie si\u0119 pierwszym i jedynym w Warszawie parkiem o tej skali zrealizowanym w ca\u0142o\u015bci przez prywatnego inwestora. Inwestycja zak\u0142ada liczne proekologiczne rozwi\u0105zania, maj\u0105ce wp\u0142yw na redukcj\u0119 emisji dwutlenku w\u0119gla, lokaln\u0105 retencj\u0119 w\u00f3d opadowych czy zapewnienie bior\u00f3\u017cnorodno\u015bci. W projekcie przewidziano rozwi\u0105zania promuj\u0105ce zr\u00f3wnowa\u017con\u0105 mobilno\u015b\u0107, m. in. stacj\u0119 rower\u00f3w miejskich czy cargo-bike.<\/span><\/p>\n<p class=\"western\"><span style=\"font-family: Arial, sans-serif;\">Obszar planowanej inwestycji jest doskonale obs\u0142u\u017cony komunikacyjnie. Mo\u017cna tam \u0142atwo dojecha\u0107 zar\u00f3wno transportem publicznym, rowerem lub hulajnog\u0105 oraz samochodem. Planowana k\u0142adka zapewni dost\u0119p przez ul. Przycz\u00f3\u0142kow\u0105 z obszar\u00f3w dzielnicy po\u0142o\u017conych we wschodniej cz\u0119\u015bci Wilanowa.<\/span><\/p>\n<p class=\"western\"><span style=\"font-family: Arial, sans-serif;\">Teren opracowania konkursowego ma powierzchni\u0119 ok. <b>2,78 ha (20 780 m2)<\/b> i po\u0142o\u017cony jest na Dz. ew. nr 35\/2, 62 oraz fragmentach Dz. ew. nr 32\/1, 32\/2, 33, 34\/2, 36\/2, 41, 60\/2, 61.<\/span><\/p>\n<p class=\"western\"><span style=\"font-family: Arial, sans-serif;\">Teren opracowania konkursowego obj\u0119ty jest ustaleniami miejscowego planu zagospodarowania przestrzennego &#8211; Uchwa\u0142a Nr XXXII\/973\/2020 Rady Miasta Sto\u0142ecznego Warszawy z dnia 2 lipca 2020 r. w sprawie miejscowego planu zagospodarowania przestrzennego teren\u00f3w po zachodniej stronie ulicy Przycz\u00f3\u0142kowej w rejonie ulicy Uprawnej &#8211; cz\u0119\u015b\u0107 II.<\/span><\/p>\n<p class=\"western\"><span style=\"font-family: Arial, sans-serif;\">Planowany park uj\u0119ty jest na terenie oznaczonym w MPZP symbolem 1.UC. jako wydzielony obszar tego terenu oznaczony na rysunku MPZP jako \u201eSTREFA ZIELENI NA GRUNCIE\u201d dla kt\u00f3rego szczeg\u00f3\u0142owe wytyczne znajduj\u0105 si\u0119 w Rozdziale 2 \u00a718 pkt 2 ust. 7) MPZP.<\/span><\/p>\n<p class=\"western\"><span style=\"font-family: Arial, sans-serif;\">Zaproponowane rozwi\u0105zania musz\u0105 by\u0107 zgodne z ww. MPZP. <\/span><\/p>\n<p class=\"western\"><span style=\"font-family: Arial, sans-serif;\">G\u0142\u00f3wnym za\u0142o\u017ceniem konkursu jest stworzenie sp\u00f3jnej koncepcji zagospodarowania parku w powi\u0105zaniu z projektowanymi obiektami kubaturowymi A (A1), B i C a tak\u017ce z otoczeniem ca\u0142ego za\u0142o\u017cenia inwestycyjnego Wilan\u00f3w Park, wskazuj\u0105c powi\u0105zania komunikacyjne, funkcjonalne, przyrodnicze z otoczeniem ze szczeg\u00f3lnym uwzgl\u0119dnieniem teren\u00f3w zieleni i przyrody w tym teren\u00f3w w\u00f3d otwartych, przestrzeni publicznych, zorganizowanych miejsc rekreacji i wypoczynku, stref wej\u015bciowych do Parku, stref przyrody dzikiej oraz uk\u0142adu komunikacyjnego przy za\u0142o\u017ceniu wpisania powy\u017cszych w podstawow\u0105, ju\u017c istniej\u0105c\u0105 i projektowan\u0105 struktur\u0119 przestrzenn\u0105.<\/span><\/p>\n\n\n<p><\/p>\n","protected":false},"excerpt":{"rendered":"<p>Morelia Investments Sp. z o.o., CEETRUS Polska Sp. z o.o. oraz Oddzia\u0142 Warszawski Stowarzyszenia Architekt\u00f3w Polskich zapraszaj\u0105 do udzia\u0142u w konkursie na opracowanie koncepcji parku o charakterze miejskim w dzielnicy Wilan\u00f3w w Warszawie. OG\u00d3LNE ZASADY KONKURSU Konkurs jest konkursem realizacyjnym,<span class=\"ellipsis\">&hellip;<\/span><\/p>\n<div class=\"read-more\"><a href=\"https:\/\/konkurs-park-wilanow.sarp.warszawa.pl\/index.php\/o-konkursie-2\/\">Czytaj wi\u0119cej <span class=\"screen-reader-text\">O konkursie<\/span><span class=\"meta-nav\"> &#8250;<\/span><\/a><\/div>\n<p><!-- end of .read-more --><\/p>\n","protected":false},"author":1,"featured_media":0,"parent":0,"menu_order":0,"comment_status":"closed","ping_status":"closed","template":"","meta":[],"_links":{"self":[{"href":"https:\/\/konkurs-park-wilanow.sarp.warszawa.pl\/index.php\/wp-json\/wp\/v2\/pages\/66"}],"collection":[{"href":"https:\/\/konkurs-park-wilanow.sarp.warszawa.pl\/index.php\/wp-json\/wp\/v2\/pages"}],"about":[{"href":"https:\/\/konkurs-park-wilanow.sarp.warszawa.pl\/index.php\/wp-json\/wp\/v2\/types\/page"}],"author":[{"embeddable":true,"href":"https:\/\/konkurs-park-wilanow.sarp.warszawa.pl\/index.php\/wp-json\/wp\/v2\/users\/1"}],"replies":[{"embeddable":true,"href":"https:\/\/konkurs-park-wilanow.sarp.warszawa.pl\/index.php\/wp-json\/wp\/v2\/comments?post=66"}],"version-history":[{"count":2,"href":"https:\/\/konkurs-park-wilanow.sarp.warszawa.pl\/index.php\/wp-json\/wp\/v2\/pages\/66\/revisions"}],"predecessor-version":[{"id":569,"href":"https:\/\/konkurs-park-wilanow.sarp.warszawa.pl\/index.php\/wp-json\/wp\/v2\/pages\/66\/revisions\/569"}],"wp:attachment":[{"href":"https:\/\/konkurs-park-wilanow.sarp.warszawa.pl\/index.php\/wp-json\/wp\/v2\/media?parent=66"}],"curies":[{"name":"wp","href":"https:\/\/api.w.org\/{rel}","templated":true}]}}