{"id":27,"date":"2018-01-21T22:00:11","date_gmt":"2018-01-21T22:00:11","guid":{"rendered":"http:\/\/konkurs-uw.sarp.warszawa.pl\/?page_id=27"},"modified":"2020-11-14T11:04:31","modified_gmt":"2020-11-14T10:04:31","slug":"kontakt-2","status":"publish","type":"page","link":"https:\/\/konkurs-park-wilanow.sarp.warszawa.pl\/index.php\/kontakt-2\/","title":{"rendered":"Kontakt"},"content":{"rendered":"<p class=\"western\"><span style=\"font-family: Arial, serif;\">Oddzia\u0142 Warszawski<br \/><\/span><span style=\"font-family: Arial, serif;\">Stowarzyszenia Architekt\u00f3w Polskich<\/span><\/p>\n<p class=\"western\"><span style=\"font-family: Arial, serif;\">ul. Foksal 2<br \/><\/span><span style=\"font-family: Arial, serif;\">00-366 Warszawa<\/span><\/p>\n<p class=\"western\"><span style=\"font-family: Arial, serif;\">(godziny pracy od 10.00 do 16.00)<\/span><\/p>\n<p class=\"western\"><span style=\"font-family: Arial, serif;\"><u>Sekretarz S\u0105du Konkursowego: arch. Piotr Woli\u0144ski<br \/><\/u><\/span><span style=\"font-family: Arial, serif; font-size: 1em;\">Telefon: +48 533 530 119<\/span><\/p>\n<p class=\"western\"><span style=\"font-family: Arial, serif;\">Adres poczty elektronicznej (e-mail): <\/span><strong><a href=\"mailto:konkurs-park-wilanow@sarp.warszawa.pl\"><span style=\"font-family: Arial, serif;\">konkurs-park-wilanow@sarp.warszawa.pl<\/span><\/a><\/strong><\/p>\n\n\n<p><\/p>\n","protected":false},"excerpt":{"rendered":"<p>Oddzia\u0142 WarszawskiStowarzyszenia Architekt\u00f3w Polskich ul. Foksal 200-366 Warszawa (godziny pracy od 10.00 do 16.00) Sekretarz S\u0105du Konkursowego: arch. Piotr Woli\u0144skiTelefon: +48 533 530 119 Adres poczty elektronicznej (e-mail): konkurs-park-wilanow@sarp.warszawa.pl<\/p>\n","protected":false},"author":1,"featured_media":0,"parent":0,"menu_order":0,"comment_status":"closed","ping_status":"closed","template":"","meta":[],"_links":{"self":[{"href":"https:\/\/konkurs-park-wilanow.sarp.warszawa.pl\/index.php\/wp-json\/wp\/v2\/pages\/27"}],"collection":[{"href":"https:\/\/konkurs-park-wilanow.sarp.warszawa.pl\/index.php\/wp-json\/wp\/v2\/pages"}],"about":[{"href":"https:\/\/konkurs-park-wilanow.sarp.warszawa.pl\/index.php\/wp-json\/wp\/v2\/types\/page"}],"author":[{"embeddable":true,"href":"https:\/\/konkurs-park-wilanow.sarp.warszawa.pl\/index.php\/wp-json\/wp\/v2\/users\/1"}],"replies":[{"embeddable":true,"href":"https:\/\/konkurs-park-wilanow.sarp.warszawa.pl\/index.php\/wp-json\/wp\/v2\/comments?post=27"}],"version-history":[{"count":2,"href":"https:\/\/konkurs-park-wilanow.sarp.warszawa.pl\/index.php\/wp-json\/wp\/v2\/pages\/27\/revisions"}],"predecessor-version":[{"id":527,"href":"https:\/\/konkurs-park-wilanow.sarp.warszawa.pl\/index.php\/wp-json\/wp\/v2\/pages\/27\/revisions\/527"}],"wp:attachment":[{"href":"https:\/\/konkurs-park-wilanow.sarp.warszawa.pl\/index.php\/wp-json\/wp\/v2\/media?parent=27"}],"curies":[{"name":"wp","href":"https:\/\/api.w.org\/{rel}","templated":true}]}}