{"id":252,"date":"2018-01-21T22:00:21","date_gmt":"2018-01-21T22:00:21","guid":{"rendered":"http:\/\/wp452m.a10-52-158-154.qa.plesk.ru\/wordpress\/?page_id=2"},"modified":"2020-12-08T15:04:15","modified_gmt":"2020-12-08T14:04:15","slug":"regulamin-konkursu","status":"publish","type":"page","link":"https:\/\/konkurs-park-wilanow.sarp.warszawa.pl\/index.php\/regulamin-konkursu\/","title":{"rendered":"Regulamin"},"content":{"rendered":"\n<p><a href=\"https:\/\/konkurs-park-wilanow.sarp.warszawa.pl\/wp-content\/uploads\/2020\/11\/REGULAMIN_KONKURSU_PARK__WILANOW.pdf\" target=\"_blank\" rel=\"noreferrer noopener\">Regulamin konkursu<\/a><\/p>\n\n\n\n<p><a href=\"https:\/\/konkurs-park-wilanow.sarp.warszawa.pl\/wp-content\/uploads\/2020\/11\/Zalaczniki_Formalne_1_do_8.zip\" target=\"_blank\" rel=\"noreferrer noopener\">Za\u0142\u0105czniki formalne nr 1 do 8<\/a><\/p>\n\n\n\n<p><a rel=\"noreferrer noopener\" href=\"https:\/\/konkurs-park-wilanow.sarp.warszawa.pl\/wp-content\/uploads\/2020\/11\/Za\u0142aczniki_Projketowe_nr_9_do_10.zip\" target=\"_blank\">Za\u0142\u0105czniki Projektowe nr 9 do 10<\/a><\/p>\n\n\n\n<p><span class=\"has-inline-color has-black-color\"><strong>UWAGA<\/strong><br>W przypadku niemo\u017cliwo\u015bci pobrania powy\u017cszych plik\u00f3w poprzez\u00a0klikni\u0119cie na link prosimy\u00a0wykona\u0107 nast\u0119puj\u0105ce\u00a0dzia\u0142ania:<\/span><\/p>\n\n\n\n<p><span class=\"has-inline-color has-black-color\">1. Klikn\u0105\u0107&nbsp;na link prawym przyciskiem urz\u0105dzenia wskazuj\u0105cego&nbsp;w celu otwarcia&nbsp;menu kontekstowego a nast\u0119pnie zaznaczy\u0107 opcj\u0119&nbsp;&#8222;otw\u00f3rz w nowym oknie&#8221; lub &#8222;otw\u00f3rz link w nowej karcie&#8221;. W\u00f3wczas plik powinien pobra\u0107 sie automatycznie.<\/span><\/p>\n\n\n\n<p><span class=\"has-inline-color has-black-color\">lub<\/span><\/p>\n\n\n\n<p><span class=\"has-inline-color has-black-color\">2. Skorzysta\u0107 do pobrania plik\u00f3w z innej, og\u00f3lnodost\u0119pnej&nbsp;&nbsp;przegl\u0105darki internetowej&nbsp;(np. Edge, Chrome, Firefox itp)<\/span><\/p>\n","protected":false},"excerpt":{"rendered":"<p>Regulamin konkursu Za\u0142\u0105czniki formalne nr 1 do 8 Za\u0142\u0105czniki Projektowe nr 9 do 10 UWAGAW przypadku niemo\u017cliwo\u015bci pobrania powy\u017cszych plik\u00f3w poprzez\u00a0klikni\u0119cie na link prosimy\u00a0wykona\u0107 nast\u0119puj\u0105ce\u00a0dzia\u0142ania: 1. Klikn\u0105\u0107&nbsp;na link prawym przyciskiem urz\u0105dzenia wskazuj\u0105cego&nbsp;w celu otwarcia&nbsp;menu kontekstowego a nast\u0119pnie zaznaczy\u0107 opcj\u0119&nbsp;&#8222;otw\u00f3rz w<span class=\"ellipsis\">&hellip;<\/span><\/p>\n<div class=\"read-more\"><a href=\"https:\/\/konkurs-park-wilanow.sarp.warszawa.pl\/index.php\/regulamin-konkursu\/\">Czytaj wi\u0119cej <span class=\"screen-reader-text\">Regulamin<\/span><span class=\"meta-nav\"> &#8250;<\/span><\/a><\/div>\n<p><!-- end of .read-more --><\/p>\n","protected":false},"author":1,"featured_media":0,"parent":0,"menu_order":0,"comment_status":"closed","ping_status":"open","template":"","meta":[],"_links":{"self":[{"href":"https:\/\/konkurs-park-wilanow.sarp.warszawa.pl\/index.php\/wp-json\/wp\/v2\/pages\/252"}],"collection":[{"href":"https:\/\/konkurs-park-wilanow.sarp.warszawa.pl\/index.php\/wp-json\/wp\/v2\/pages"}],"about":[{"href":"https:\/\/konkurs-park-wilanow.sarp.warszawa.pl\/index.php\/wp-json\/wp\/v2\/types\/page"}],"author":[{"embeddable":true,"href":"https:\/\/konkurs-park-wilanow.sarp.warszawa.pl\/index.php\/wp-json\/wp\/v2\/users\/1"}],"replies":[{"embeddable":true,"href":"https:\/\/konkurs-park-wilanow.sarp.warszawa.pl\/index.php\/wp-json\/wp\/v2\/comments?post=252"}],"version-history":[{"count":8,"href":"https:\/\/konkurs-park-wilanow.sarp.warszawa.pl\/index.php\/wp-json\/wp\/v2\/pages\/252\/revisions"}],"predecessor-version":[{"id":582,"href":"https:\/\/konkurs-park-wilanow.sarp.warszawa.pl\/index.php\/wp-json\/wp\/v2\/pages\/252\/revisions\/582"}],"wp:attachment":[{"href":"https:\/\/konkurs-park-wilanow.sarp.warszawa.pl\/index.php\/wp-json\/wp\/v2\/media?parent=252"}],"curies":[{"name":"wp","href":"https:\/\/api.w.org\/{rel}","templated":true}]}}